{"id":8334,"date":"2021-01-07T14:35:01","date_gmt":"2021-01-07T14:35:01","guid":{"rendered":"https:\/\/www.gsdassociation.org.mz\/?page_id=8334"},"modified":"2022-01-14T10:30:28","modified_gmt":"2022-01-14T08:30:28","slug":"nossos-manuais","status":"publish","type":"page","link":"https:\/\/www.gsdassociation.org.mz\/sitebackup24082021\/nossos-manuais\/","title":{"rendered":"Nossos Manuais"},"content":{"rendered":"\t\t<div data-elementor-type=\"wp-page\" data-elementor-id=\"8334\" class=\"elementor elementor-8334\" data-elementor-settings=\"[]\">\n\t\t\t\t\t\t<div class=\"elementor-inner\">\n\t\t\t\t\t\t\t<div class=\"elementor-section-wrap\">\n\t\t\t\t\t\t\t<section class=\"elementor-section elementor-top-section elementor-element elementor-element-ae8f2b2 elementor-section-boxed elementor-section-height-default elementor-section-height-default\" data-id=\"ae8f2b2\" data-element_type=\"section\">\n\t\t\t\t\t\t<div class=\"elementor-container elementor-column-gap-default\">\n\t\t\t\t\t\t\t<div class=\"elementor-row\">\n\t\t\t\t\t<div class=\"elementor-column elementor-col-100 elementor-top-column elementor-element elementor-element-dce9837\" data-id=\"dce9837\" data-element_type=\"column\">\n\t\t\t<div class=\"elementor-column-wrap elementor-element-populated\">\n\t\t\t\t\t\t\t<div class=\"elementor-widget-wrap\">\n\t\t\t\t\t\t<section class=\"elementor-section elementor-inner-section elementor-element elementor-element-dc989d5 elementor-section-boxed elementor-section-height-default elementor-section-height-default\" data-id=\"dc989d5\" data-element_type=\"section\">\n\t\t\t\t\t\t<div class=\"elementor-container elementor-column-gap-default\">\n\t\t\t\t\t\t\t<div class=\"elementor-row\">\n\t\t\t\t\t<div class=\"elementor-column elementor-col-33 elementor-inner-column elementor-element elementor-element-3787b66\" data-id=\"3787b66\" data-element_type=\"column\">\n\t\t\t<div class=\"elementor-column-wrap elementor-element-populated\">\n\t\t\t\t\t\t\t<div class=\"elementor-widget-wrap\">\n\t\t\t\t\t\t<div class=\"elementor-element elementor-element-0953aae elementor-widget elementor-widget-image-carousel\" data-id=\"0953aae\" data-element_type=\"widget\" data-settings=\"{&quot;slides_to_show&quot;:&quot;1&quot;,&quot;navigation&quot;:&quot;none&quot;,&quot;autoplay&quot;:&quot;yes&quot;,&quot;pause_on_hover&quot;:&quot;yes&quot;,&quot;pause_on_interaction&quot;:&quot;yes&quot;,&quot;autoplay_speed&quot;:5000,&quot;infinite&quot;:&quot;yes&quot;,&quot;effect&quot;:&quot;slide&quot;,&quot;speed&quot;:500}\" data-widget_type=\"image-carousel.default\">\n\t\t\t\t<div class=\"elementor-widget-container\">\n\t\t\t\t\t<div class=\"elementor-image-carousel-wrapper swiper-container\" dir=\"ltr\">\n\t\t\t<div class=\"elementor-image-carousel swiper-wrapper\">\n\t\t\t\t\t\t\t\t<div class=\"swiper-slide\"><figure class=\"swiper-slide-inner\"><img class=\"swiper-slide-image\" src=\"https:\/\/www.gsdassociation.org.mz\/sitebackup24082021\/wp-content\/uploads\/2019\/09\/CONTRA-CAPA-722x1024.jpg\" alt=\"OFICIAL CONTRA CAPA 03.psd\" \/><\/figure><\/div><div class=\"swiper-slide\"><figure class=\"swiper-slide-inner\"><img class=\"swiper-slide-image\" src=\"https:\/\/www.gsdassociation.org.mz\/sitebackup24082021\/wp-content\/uploads\/2019\/09\/CAPA-03-722x1024.jpg\" alt=\"UNA PROPOSTA 03.psd\" \/><\/figure><\/div><div class=\"swiper-slide\"><figure class=\"swiper-slide-inner\"><img class=\"swiper-slide-image\" src=\"https:\/\/www.gsdassociation.org.mz\/sitebackup24082021\/wp-content\/uploads\/2019\/09\/CAPA-02-722x1024.jpg\" alt=\"UNA PROPOSTA 02.psd\" \/><\/figure><\/div><div class=\"swiper-slide\"><figure class=\"swiper-slide-inner\"><img class=\"swiper-slide-image\" src=\"https:\/\/www.gsdassociation.org.mz\/sitebackup24082021\/wp-content\/uploads\/2019\/09\/CAPA-01-722x1024.jpg\" alt=\"UNA PROPOSTA 01.psd\" \/><\/figure><\/div>\t\t\t<\/div>\n\t\t\t\t\t\t\t\t\t\t\t\t\t\t\t\t<\/div>\n\t\t\t\t<\/div>\n\t\t\t\t<\/div>\n\t\t\t\t<div class=\"elementor-element elementor-element-ec0a367 elementor-widget elementor-widget-heading\" data-id=\"ec0a367\" data-element_type=\"widget\" data-widget_type=\"heading.default\">\n\t\t\t\t<div class=\"elementor-widget-container\">\n\t\t\t<h3 class=\"elementor-heading-title elementor-size-default\"><a href=\"https:\/\/www.gsdassociation.org.mz\/sitebackup24082021\/wp-content\/uploads\/2019\/09\/Livro-Csamentos-Prematuros-1.pdf\">Casamentos Prematuros<\/a><\/h3>\t\t<\/div>\n\t\t\t\t<\/div>\n\t\t\t\t<div class=\"elementor-element elementor-element-f9620ab elementor-widget elementor-widget-button\" data-id=\"f9620ab\" data-element_type=\"widget\" data-widget_type=\"button.default\">\n\t\t\t\t<div class=\"elementor-widget-container\">\n\t\t\t\t\t<div class=\"elementor-button-wrapper icon_align_right  \">\n\t\t\t<a href=\"https:\/\/www.gsdassociation.org.mz\/sitebackup24082021\/wp-content\/uploads\/2019\/09\/Livro-Csamentos-Prematuros-1.pdf\" class=\"elementor-button-link elementor-button elementor-size-xs\" role=\"button\">\n\t\t\t\t\t\t<span class=\"elementor-button-content-wrapper\">\n\t\t\t\t\t\t<span class=\"elementor-button-icon elementor-align-icon-right\">\n\t\t\t\t<i aria-hidden=\"true\" class=\"fas fa-arrow-right\"><\/i>\t\t\t<\/span>\n\t\t\t\t\t\t<span class=\"elementor-button-text\">VISUALIZAR<\/span>\n\t\t<\/span>\n\t\t\t\t\t<\/a>\n\t\t<\/div>\n\t\t\t\t<\/div>\n\t\t\t\t<\/div>\n\t\t\t\t\t\t<\/div>\n\t\t\t\t\t<\/div>\n\t\t<\/div>\n\t\t\t\t<div class=\"elementor-column elementor-col-33 elementor-inner-column elementor-element elementor-element-66ff4c3\" data-id=\"66ff4c3\" data-element_type=\"column\">\n\t\t\t<div class=\"elementor-column-wrap elementor-element-populated\">\n\t\t\t\t\t\t\t<div class=\"elementor-widget-wrap\">\n\t\t\t\t\t\t<div class=\"elementor-element elementor-element-4d9bf7d elementor-widget elementor-widget-image\" data-id=\"4d9bf7d\" data-element_type=\"widget\" data-widget_type=\"image.default\">\n\t\t\t\t<div class=\"elementor-widget-container\">\n\t\t\t\t\t\t\t\t<div class=\"elementor-image\">\n\t\t\t\t\t\t\t\t\t\t\t\t<img width=\"383\" height=\"551\" src=\"https:\/\/www.gsdassociation.org.mz\/sitebackup24082021\/wp-content\/uploads\/2019\/09\/Lei-da-Prevencao.png\" class=\"attachment-large size-large\" alt=\"\" loading=\"lazy\" srcset=\"https:\/\/www.gsdassociation.org.mz\/sitebackup24082021\/wp-content\/uploads\/2019\/09\/Lei-da-Prevencao.png 383w, https:\/\/www.gsdassociation.org.mz\/sitebackup24082021\/wp-content\/uploads\/2019\/09\/Lei-da-Prevencao-209x300.png 209w\" sizes=\"(max-width: 383px) 100vw, 383px\" \/>\t\t\t\t\t\t\t\t\t\t\t\t\t\t<\/div>\n\t\t\t\t\t\t<\/div>\n\t\t\t\t<\/div>\n\t\t\t\t<div class=\"elementor-element elementor-element-5cd08ee elementor-widget elementor-widget-heading\" data-id=\"5cd08ee\" data-element_type=\"widget\" data-widget_type=\"heading.default\">\n\t\t\t\t<div class=\"elementor-widget-container\">\n\t\t\t<h3 class=\"elementor-heading-title elementor-size-default\"><a href=\"https:\/\/www.gsdassociation.org.mz\/sitebackup24082021\/wp-content\/uploads\/2019\/09\/Lei-da-Prevencao.pdf\">Lei da preven\u00e7\u00e3o<\/a><\/h3>\t\t<\/div>\n\t\t\t\t<\/div>\n\t\t\t\t<div class=\"elementor-element elementor-element-f362a7c elementor-widget elementor-widget-button\" data-id=\"f362a7c\" data-element_type=\"widget\" data-widget_type=\"button.default\">\n\t\t\t\t<div class=\"elementor-widget-container\">\n\t\t\t\t\t<div class=\"elementor-button-wrapper icon_align_right  \">\n\t\t\t<a href=\"https:\/\/www.gsdassociation.org.mz\/sitebackup24082021\/wp-content\/uploads\/2019\/09\/Lei-da-Prevencao.pdf\" class=\"elementor-button-link elementor-button elementor-size-xs\" role=\"button\">\n\t\t\t\t\t\t<span class=\"elementor-button-content-wrapper\">\n\t\t\t\t\t\t<span class=\"elementor-button-icon elementor-align-icon-right\">\n\t\t\t\t<i aria-hidden=\"true\" class=\"fas fa-arrow-right\"><\/i>\t\t\t<\/span>\n\t\t\t\t\t\t<span class=\"elementor-button-text\">VISUALIZAR<\/span>\n\t\t<\/span>\n\t\t\t\t\t<\/a>\n\t\t<\/div>\n\t\t\t\t<\/div>\n\t\t\t\t<\/div>\n\t\t\t\t\t\t<\/div>\n\t\t\t\t\t<\/div>\n\t\t<\/div>\n\t\t\t\t<div class=\"elementor-column elementor-col-33 elementor-inner-column elementor-element elementor-element-fdbd65a\" data-id=\"fdbd65a\" data-element_type=\"column\">\n\t\t\t<div class=\"elementor-column-wrap elementor-element-populated\">\n\t\t\t\t\t\t\t<div class=\"elementor-widget-wrap\">\n\t\t\t\t\t\t<div class=\"elementor-element elementor-element-db1c0d2 elementor-widget elementor-widget-image\" data-id=\"db1c0d2\" data-element_type=\"widget\" data-widget_type=\"image.default\">\n\t\t\t\t<div class=\"elementor-widget-container\">\n\t\t\t\t\t\t\t\t<div class=\"elementor-image\">\n\t\t\t\t\t\t\t\t\t\t\t\t<img width=\"595\" height=\"842\" src=\"https:\/\/www.gsdassociation.org.mz\/sitebackup24082021\/wp-content\/uploads\/2020\/12\/Brochura.jpg\" class=\"attachment-large size-large\" alt=\"\" loading=\"lazy\" srcset=\"https:\/\/www.gsdassociation.org.mz\/sitebackup24082021\/wp-content\/uploads\/2020\/12\/Brochura.jpg 595w, https:\/\/www.gsdassociation.org.mz\/sitebackup24082021\/wp-content\/uploads\/2020\/12\/Brochura-212x300.jpg 212w\" sizes=\"(max-width: 595px) 100vw, 595px\" \/>\t\t\t\t\t\t\t\t\t\t\t\t\t\t<\/div>\n\t\t\t\t\t\t<\/div>\n\t\t\t\t<\/div>\n\t\t\t\t<div class=\"elementor-element elementor-element-063ad44 elementor-widget elementor-widget-heading\" data-id=\"063ad44\" data-element_type=\"widget\" data-widget_type=\"heading.default\">\n\t\t\t\t<div class=\"elementor-widget-container\">\n\t\t\t<h3 class=\"elementor-heading-title elementor-size-default\"><a href=\"https:\/\/www.gsdassociation.org.mz\/sitebackup24082021\/wp-content\/uploads\/2019\/09\/Brochure-Lei-da-familia.pdf\">GSDA Lei da Familia<\/a><\/h3>\t\t<\/div>\n\t\t\t\t<\/div>\n\t\t\t\t<div class=\"elementor-element elementor-element-07bed7b elementor-widget elementor-widget-button\" data-id=\"07bed7b\" data-element_type=\"widget\" data-widget_type=\"button.default\">\n\t\t\t\t<div class=\"elementor-widget-container\">\n\t\t\t\t\t<div class=\"elementor-button-wrapper icon_align_right  \">\n\t\t\t<a href=\"https:\/\/www.gsdassociation.org.mz\/sitebackup24082021\/wp-content\/uploads\/2019\/09\/Brochure-Lei-da-familia.pdf\" class=\"elementor-button-link elementor-button elementor-size-xs\" role=\"button\">\n\t\t\t\t\t\t<span class=\"elementor-button-content-wrapper\">\n\t\t\t\t\t\t<span class=\"elementor-button-icon elementor-align-icon-right\">\n\t\t\t\t<i aria-hidden=\"true\" class=\"fas fa-arrow-right\"><\/i>\t\t\t<\/span>\n\t\t\t\t\t\t<span class=\"elementor-button-text\">VISUALIZAR<\/span>\n\t\t<\/span>\n\t\t\t\t\t<\/a>\n\t\t<\/div>\n\t\t\t\t<\/div>\n\t\t\t\t<\/div>\n\t\t\t\t\t\t<\/div>\n\t\t\t\t\t<\/div>\n\t\t<\/div>\n\t\t\t\t\t\t\t\t<\/div>\n\t\t\t\t\t<\/div>\n\t\t<\/section>\n\t\t\t\t<section class=\"elementor-section elementor-inner-section elementor-element elementor-element-478c705 elementor-section-boxed elementor-section-height-default elementor-section-height-default\" data-id=\"478c705\" data-element_type=\"section\">\n\t\t\t\t\t\t<div class=\"elementor-container elementor-column-gap-default\">\n\t\t\t\t\t\t\t<div class=\"elementor-row\">\n\t\t\t\t\t<div class=\"elementor-column elementor-col-33 elementor-inner-column elementor-element elementor-element-294c275\" data-id=\"294c275\" data-element_type=\"column\">\n\t\t\t<div class=\"elementor-column-wrap elementor-element-populated\">\n\t\t\t\t\t\t\t<div class=\"elementor-widget-wrap\">\n\t\t\t\t\t\t<div class=\"elementor-element elementor-element-0358e9b elementor-widget elementor-widget-image\" data-id=\"0358e9b\" data-element_type=\"widget\" data-widget_type=\"image.default\">\n\t\t\t\t<div class=\"elementor-widget-container\">\n\t\t\t\t\t\t\t\t<div class=\"elementor-image\">\n\t\t\t\t\t\t\t\t\t\t\t\t<img width=\"383\" height=\"545\" src=\"https:\/\/www.gsdassociation.org.mz\/sitebackup24082021\/wp-content\/uploads\/2019\/09\/Lei-das-Sucessoes.png\" class=\"attachment-large size-large\" alt=\"\" loading=\"lazy\" srcset=\"https:\/\/www.gsdassociation.org.mz\/sitebackup24082021\/wp-content\/uploads\/2019\/09\/Lei-das-Sucessoes.png 383w, https:\/\/www.gsdassociation.org.mz\/sitebackup24082021\/wp-content\/uploads\/2019\/09\/Lei-das-Sucessoes-211x300.png 211w\" sizes=\"(max-width: 383px) 100vw, 383px\" \/>\t\t\t\t\t\t\t\t\t\t\t\t\t\t<\/div>\n\t\t\t\t\t\t<\/div>\n\t\t\t\t<\/div>\n\t\t\t\t<div class=\"elementor-element elementor-element-7c156ea elementor-widget elementor-widget-heading\" data-id=\"7c156ea\" data-element_type=\"widget\" data-widget_type=\"heading.default\">\n\t\t\t\t<div class=\"elementor-widget-container\">\n\t\t\t<h3 class=\"elementor-heading-title elementor-size-default\"><a href=\"https:\/\/www.gsdassociation.org.mz\/sitebackup24082021\/wp-content\/uploads\/2019\/09\/Lei-das-Sucessoes.pdf\">Lei das Sucess\u00f5es<\/a><\/h3>\t\t<\/div>\n\t\t\t\t<\/div>\n\t\t\t\t<div class=\"elementor-element elementor-element-babbe18 elementor-align-left elementor-widget elementor-widget-button\" data-id=\"babbe18\" data-element_type=\"widget\" data-widget_type=\"button.default\">\n\t\t\t\t<div class=\"elementor-widget-container\">\n\t\t\t\t\t<div class=\"elementor-button-wrapper icon_align_right  \">\n\t\t\t<a href=\"https:\/\/www.gsdassociation.org.mz\/sitebackup24082021\/wp-content\/uploads\/2019\/09\/Lei-das-Sucessoes.pdf\" class=\"elementor-button-link elementor-button elementor-size-xs\" role=\"button\">\n\t\t\t\t\t\t<span class=\"elementor-button-content-wrapper\">\n\t\t\t\t\t\t<span class=\"elementor-button-icon elementor-align-icon-right\">\n\t\t\t\t<i aria-hidden=\"true\" class=\"fas fa-arrow-right\"><\/i>\t\t\t<\/span>\n\t\t\t\t\t\t<span class=\"elementor-button-text\">VISUALIZAR<\/span>\n\t\t<\/span>\n\t\t\t\t\t<\/a>\n\t\t<\/div>\n\t\t\t\t<\/div>\n\t\t\t\t<\/div>\n\t\t\t\t\t\t<\/div>\n\t\t\t\t\t<\/div>\n\t\t<\/div>\n\t\t\t\t<div class=\"elementor-column elementor-col-33 elementor-inner-column elementor-element elementor-element-b516abf\" data-id=\"b516abf\" data-element_type=\"column\">\n\t\t\t<div class=\"elementor-column-wrap elementor-element-populated\">\n\t\t\t\t\t\t\t<div class=\"elementor-widget-wrap\">\n\t\t\t\t\t\t<div class=\"elementor-element elementor-element-8e2a9d1 elementor-widget elementor-widget-image\" data-id=\"8e2a9d1\" data-element_type=\"widget\" data-widget_type=\"image.default\">\n\t\t\t\t<div class=\"elementor-widget-container\">\n\t\t\t\t\t\t\t\t<div class=\"elementor-image\">\n\t\t\t\t\t\t\t\t\t\t\t\t<img width=\"395\" height=\"563\" src=\"https:\/\/www.gsdassociation.org.mz\/sitebackup24082021\/wp-content\/uploads\/2021\/05\/GSDAssociation-Revista-Monitoria-de-Genero-2020.png\" class=\"attachment-large size-large\" alt=\"\" loading=\"lazy\" srcset=\"https:\/\/www.gsdassociation.org.mz\/sitebackup24082021\/wp-content\/uploads\/2021\/05\/GSDAssociation-Revista-Monitoria-de-Genero-2020.png 395w, https:\/\/www.gsdassociation.org.mz\/sitebackup24082021\/wp-content\/uploads\/2021\/05\/GSDAssociation-Revista-Monitoria-de-Genero-2020-210x300.png 210w\" sizes=\"(max-width: 395px) 100vw, 395px\" \/>\t\t\t\t\t\t\t\t\t\t\t\t\t\t<\/div>\n\t\t\t\t\t\t<\/div>\n\t\t\t\t<\/div>\n\t\t\t\t<div class=\"elementor-element elementor-element-7dc1628 elementor-widget elementor-widget-heading\" data-id=\"7dc1628\" data-element_type=\"widget\" data-widget_type=\"heading.default\">\n\t\t\t\t<div class=\"elementor-widget-container\">\n\t\t\t<h3 class=\"elementor-heading-title elementor-size-default\"><a href=\"https:\/\/www.gsdassociation.org.mz\/sitebackup24082021\/wp-content\/uploads\/2019\/09\/GSDAssociation-Revista-Monitoria-de-Genero-2020.pdf\">GSDAssociation  Monitoria de Genero 2020 - Revista<\/a><\/h3>\t\t<\/div>\n\t\t\t\t<\/div>\n\t\t\t\t<div class=\"elementor-element elementor-element-674dfd2 elementor-widget elementor-widget-button\" data-id=\"674dfd2\" data-element_type=\"widget\" data-widget_type=\"button.default\">\n\t\t\t\t<div class=\"elementor-widget-container\">\n\t\t\t\t\t<div class=\"elementor-button-wrapper icon_align_right  \">\n\t\t\t<a href=\"https:\/\/www.gsdassociation.org.mz\/sitebackup24082021\/wp-content\/uploads\/2019\/09\/GSDAssociation-Revista-Monitoria-de-Genero-2020.pdf\" class=\"elementor-button-link elementor-button elementor-size-xs\" role=\"button\">\n\t\t\t\t\t\t<span class=\"elementor-button-content-wrapper\">\n\t\t\t\t\t\t<span class=\"elementor-button-icon elementor-align-icon-right\">\n\t\t\t\t<i aria-hidden=\"true\" class=\"fas fa-arrow-right\"><\/i>\t\t\t<\/span>\n\t\t\t\t\t\t<span class=\"elementor-button-text\">VISUALIZAR<\/span>\n\t\t<\/span>\n\t\t\t\t\t<\/a>\n\t\t<\/div>\n\t\t\t\t<\/div>\n\t\t\t\t<\/div>\n\t\t\t\t\t\t<\/div>\n\t\t\t\t\t<\/div>\n\t\t<\/div>\n\t\t\t\t<div class=\"elementor-column elementor-col-33 elementor-inner-column elementor-element elementor-element-76b743f\" data-id=\"76b743f\" data-element_type=\"column\">\n\t\t\t<div class=\"elementor-column-wrap elementor-element-populated\">\n\t\t\t\t\t\t\t<div class=\"elementor-widget-wrap\">\n\t\t\t\t\t\t<div class=\"elementor-element elementor-element-d1ff382 elementor-widget elementor-widget-image\" data-id=\"d1ff382\" data-element_type=\"widget\" data-widget_type=\"image.default\">\n\t\t\t\t<div class=\"elementor-widget-container\">\n\t\t\t\t\t\t\t\t<div class=\"elementor-image\">\n\t\t\t\t\t\t\t\t\t\t\t\t<img width=\"450\" height=\"583\" src=\"https:\/\/www.gsdassociation.org.mz\/sitebackup24082021\/wp-content\/uploads\/2021\/08\/Plano-Estrategico-e1642149014731.png\" class=\"attachment-large size-large\" alt=\"\" loading=\"lazy\" srcset=\"https:\/\/www.gsdassociation.org.mz\/sitebackup24082021\/wp-content\/uploads\/2021\/08\/Plano-Estrategico-e1642149014731.png 450w, https:\/\/www.gsdassociation.org.mz\/sitebackup24082021\/wp-content\/uploads\/2021\/08\/Plano-Estrategico-e1642149014731-232x300.png 232w\" sizes=\"(max-width: 450px) 100vw, 450px\" \/>\t\t\t\t\t\t\t\t\t\t\t\t\t\t<\/div>\n\t\t\t\t\t\t<\/div>\n\t\t\t\t<\/div>\n\t\t\t\t<div class=\"elementor-element elementor-element-05d5cb4 elementor-widget elementor-widget-heading\" data-id=\"05d5cb4\" data-element_type=\"widget\" data-widget_type=\"heading.default\">\n\t\t\t\t<div class=\"elementor-widget-container\">\n\t\t\t<h3 class=\"elementor-heading-title elementor-size-default\">Plano Estrat\u00e9gico  GSD Association<\/h3>\t\t<\/div>\n\t\t\t\t<\/div>\n\t\t\t\t<div class=\"elementor-element elementor-element-06fd93a elementor-widget elementor-widget-button\" data-id=\"06fd93a\" data-element_type=\"widget\" data-widget_type=\"button.default\">\n\t\t\t\t<div class=\"elementor-widget-container\">\n\t\t\t\t\t<div class=\"elementor-button-wrapper icon_align_right  \">\n\t\t\t<a href=\"https:\/\/www.gsdassociation.org.mz\/sitebackup24082021\/wp-content\/uploads\/2019\/09\/GSDA-final-2021.pdf%20%20\" class=\"elementor-button-link elementor-button elementor-size-xs\" role=\"button\">\n\t\t\t\t\t\t<span class=\"elementor-button-content-wrapper\">\n\t\t\t\t\t\t<span class=\"elementor-button-icon elementor-align-icon-right\">\n\t\t\t\t<i aria-hidden=\"true\" class=\"fas fa-arrow-right\"><\/i>\t\t\t<\/span>\n\t\t\t\t\t\t<span class=\"elementor-button-text\">visualizar <\/span>\n\t\t<\/span>\n\t\t\t\t\t<\/a>\n\t\t<\/div>\n\t\t\t\t<\/div>\n\t\t\t\t<\/div>\n\t\t\t\t\t\t<\/div>\n\t\t\t\t\t<\/div>\n\t\t<\/div>\n\t\t\t\t\t\t\t\t<\/div>\n\t\t\t\t\t<\/div>\n\t\t<\/section>\n\t\t\t\t<section class=\"elementor-section elementor-inner-section elementor-element elementor-element-cd513cf elementor-section-boxed elementor-section-height-default elementor-section-height-default\" data-id=\"cd513cf\" data-element_type=\"section\">\n\t\t\t\t\t\t<div class=\"elementor-container elementor-column-gap-default\">\n\t\t\t\t\t\t\t<div class=\"elementor-row\">\n\t\t\t\t\t<div class=\"elementor-column elementor-col-33 elementor-inner-column elementor-element elementor-element-31908ac\" data-id=\"31908ac\" data-element_type=\"column\">\n\t\t\t<div class=\"elementor-column-wrap elementor-element-populated\">\n\t\t\t\t\t\t\t<div class=\"elementor-widget-wrap\">\n\t\t\t\t\t\t<div class=\"elementor-element elementor-element-4851d54 elementor-widget elementor-widget-image\" data-id=\"4851d54\" data-element_type=\"widget\" data-widget_type=\"image.default\">\n\t\t\t\t<div class=\"elementor-widget-container\">\n\t\t\t\t\t\t\t\t<div class=\"elementor-image\">\n\t\t\t\t\t\t\t\t\t\t\t\t<img width=\"401\" height=\"565\" src=\"https:\/\/www.gsdassociation.org.mz\/sitebackup24082021\/wp-content\/uploads\/2019\/09\/Empoderando.png\" class=\"attachment-large size-large\" alt=\"\" loading=\"lazy\" srcset=\"https:\/\/www.gsdassociation.org.mz\/sitebackup24082021\/wp-content\/uploads\/2019\/09\/Empoderando.png 401w, https:\/\/www.gsdassociation.org.mz\/sitebackup24082021\/wp-content\/uploads\/2019\/09\/Empoderando-213x300.png 213w\" sizes=\"(max-width: 401px) 100vw, 401px\" \/>\t\t\t\t\t\t\t\t\t\t\t\t\t\t<\/div>\n\t\t\t\t\t\t<\/div>\n\t\t\t\t<\/div>\n\t\t\t\t<div class=\"elementor-element elementor-element-23ce44b elementor-widget elementor-widget-heading\" data-id=\"23ce44b\" data-element_type=\"widget\" data-widget_type=\"heading.default\">\n\t\t\t\t<div class=\"elementor-widget-container\">\n\t\t\t<h3 class=\"elementor-heading-title elementor-size-default\"><a href=\"https:\/\/www.gsdassociation.org.mz\/sitebackup24082021\/wp-content\/uploads\/2019\/09\/Historias-De-Sucesso-sobre-o-Programa-de-Empoderamento-Economico-da-Mulher-Gender-Links-Mocambique-1.pdf\">Empoderando as Mulheres - Acabando com a Viol\u00eancia em Mo\u00e7ambique<\/a><\/h3>\t\t<\/div>\n\t\t\t\t<\/div>\n\t\t\t\t<div class=\"elementor-element elementor-element-590cdc6 elementor-widget elementor-widget-button\" data-id=\"590cdc6\" data-element_type=\"widget\" data-widget_type=\"button.default\">\n\t\t\t\t<div class=\"elementor-widget-container\">\n\t\t\t\t\t<div class=\"elementor-button-wrapper icon_align_right  \">\n\t\t\t<a href=\"https:\/\/www.gsdassociation.org.mz\/sitebackup24082021\/wp-content\/uploads\/2019\/09\/Historias-De-Sucesso-sobre-o-Programa-de-Empoderamento-Economico-da-Mulher-Gender-Links-Mocambique-1.pdf\" class=\"elementor-button-link elementor-button elementor-size-xs\" role=\"button\">\n\t\t\t\t\t\t<span class=\"elementor-button-content-wrapper\">\n\t\t\t\t\t\t<span class=\"elementor-button-icon elementor-align-icon-right\">\n\t\t\t\t<i aria-hidden=\"true\" class=\"fas fa-arrow-right\"><\/i>\t\t\t<\/span>\n\t\t\t\t\t\t<span class=\"elementor-button-text\">VISUALIZAR<\/span>\n\t\t<\/span>\n\t\t\t\t\t<\/a>\n\t\t<\/div>\n\t\t\t\t<\/div>\n\t\t\t\t<\/div>\n\t\t\t\t\t\t<\/div>\n\t\t\t\t\t<\/div>\n\t\t<\/div>\n\t\t\t\t<div class=\"elementor-column elementor-col-33 elementor-inner-column elementor-element elementor-element-9c72552\" data-id=\"9c72552\" data-element_type=\"column\">\n\t\t\t<div class=\"elementor-column-wrap elementor-element-populated\">\n\t\t\t\t\t\t\t<div class=\"elementor-widget-wrap\">\n\t\t\t\t\t\t<div class=\"elementor-element elementor-element-2987572 elementor-widget elementor-widget-image\" data-id=\"2987572\" data-element_type=\"widget\" data-widget_type=\"image.default\">\n\t\t\t\t<div class=\"elementor-widget-container\">\n\t\t\t\t\t\t\t\t<div class=\"elementor-image\">\n\t\t\t\t\t\t\t\t\t\t\t\t<img width=\"407\" height=\"489\" src=\"https:\/\/www.gsdassociation.org.mz\/sitebackup24082021\/wp-content\/uploads\/2019\/09\/Revista-finalissima.png\" class=\"attachment-large size-large\" alt=\"\" loading=\"lazy\" srcset=\"https:\/\/www.gsdassociation.org.mz\/sitebackup24082021\/wp-content\/uploads\/2019\/09\/Revista-finalissima.png 407w, https:\/\/www.gsdassociation.org.mz\/sitebackup24082021\/wp-content\/uploads\/2019\/09\/Revista-finalissima-250x300.png 250w\" sizes=\"(max-width: 407px) 100vw, 407px\" \/>\t\t\t\t\t\t\t\t\t\t\t\t\t\t<\/div>\n\t\t\t\t\t\t<\/div>\n\t\t\t\t<\/div>\n\t\t\t\t<div class=\"elementor-element elementor-element-261f812 elementor-widget elementor-widget-heading\" data-id=\"261f812\" data-element_type=\"widget\" data-widget_type=\"heading.default\">\n\t\t\t\t<div class=\"elementor-widget-container\">\n\t\t\t<h3 class=\"elementor-heading-title elementor-size-default\"><a href=\"https:\/\/www.gsdassociation.org.mz\/sitebackup24082021\/wp-content\/uploads\/2019\/09\/Revista-finalissima.pdf\">Revista finalissima<\/a><\/h3>\t\t<\/div>\n\t\t\t\t<\/div>\n\t\t\t\t<div class=\"elementor-element elementor-element-c87a958 elementor-widget elementor-widget-button\" data-id=\"c87a958\" data-element_type=\"widget\" data-widget_type=\"button.default\">\n\t\t\t\t<div class=\"elementor-widget-container\">\n\t\t\t\t\t<div class=\"elementor-button-wrapper icon_align_right  \">\n\t\t\t<a href=\"https:\/\/www.gsdassociation.org.mz\/sitebackup24082021\/wp-content\/uploads\/2019\/09\/Revista-finalissima.pdf\" class=\"elementor-button-link elementor-button elementor-size-xs\" role=\"button\">\n\t\t\t\t\t\t<span class=\"elementor-button-content-wrapper\">\n\t\t\t\t\t\t<span class=\"elementor-button-icon elementor-align-icon-right\">\n\t\t\t\t<i aria-hidden=\"true\" class=\"fas fa-arrow-right\"><\/i>\t\t\t<\/span>\n\t\t\t\t\t\t<span class=\"elementor-button-text\">VISUALIZAR<\/span>\n\t\t<\/span>\n\t\t\t\t\t<\/a>\n\t\t<\/div>\n\t\t\t\t<\/div>\n\t\t\t\t<\/div>\n\t\t\t\t\t\t<\/div>\n\t\t\t\t\t<\/div>\n\t\t<\/div>\n\t\t\t\t<div class=\"elementor-column elementor-col-33 elementor-inner-column elementor-element elementor-element-b2680ae\" data-id=\"b2680ae\" data-element_type=\"column\">\n\t\t\t<div class=\"elementor-column-wrap\">\n\t\t\t\t\t\t\t<div class=\"elementor-widget-wrap\">\n\t\t\t\t\t\t\t\t<\/div>\n\t\t\t\t\t<\/div>\n\t\t<\/div>\n\t\t\t\t\t\t\t\t<\/div>\n\t\t\t\t\t<\/div>\n\t\t<\/section>\n\t\t\t\t\t\t<\/div>\n\t\t\t\t\t<\/div>\n\t\t<\/div>\n\t\t\t\t\t\t\t\t<\/div>\n\t\t\t\t\t<\/div>\n\t\t<\/section>\n\t\t\t\t\t\t<\/div>\n\t\t\t\t\t\t<\/div>\n\t\t\t\t\t<\/div>\n\t\t","protected":false},"excerpt":{"rendered":"<p>Casamentos Prematuros VISUALIZAR Lei da preven\u00e7\u00e3o VISUALIZAR GSDA Lei da Familia VISUALIZAR Lei das Sucess\u00f5es VISUALIZAR GSDAssociation Monitoria de Genero 2020 &#8211; Revista VISUALIZAR Plano Estrat\u00e9gico GSD Association visualizar Empoderando as Mulheres &#8211; Acabando com a Viol\u00eancia em Mo\u00e7ambique VISUALIZAR Revista finalissima VISUALIZAR<\/p>\n","protected":false},"author":1,"featured_media":0,"parent":0,"menu_order":0,"comment_status":"closed","ping_status":"closed","template":"","meta":[],"_links":{"self":[{"href":"https:\/\/www.gsdassociation.org.mz\/sitebackup24082021\/wp-json\/wp\/v2\/pages\/8334"}],"collection":[{"href":"https:\/\/www.gsdassociation.org.mz\/sitebackup24082021\/wp-json\/wp\/v2\/pages"}],"about":[{"href":"https:\/\/www.gsdassociation.org.mz\/sitebackup24082021\/wp-json\/wp\/v2\/types\/page"}],"author":[{"embeddable":true,"href":"https:\/\/www.gsdassociation.org.mz\/sitebackup24082021\/wp-json\/wp\/v2\/users\/1"}],"replies":[{"embeddable":true,"href":"https:\/\/www.gsdassociation.org.mz\/sitebackup24082021\/wp-json\/wp\/v2\/comments?post=8334"}],"version-history":[{"count":61,"href":"https:\/\/www.gsdassociation.org.mz\/sitebackup24082021\/wp-json\/wp\/v2\/pages\/8334\/revisions"}],"predecessor-version":[{"id":9079,"href":"https:\/\/www.gsdassociation.org.mz\/sitebackup24082021\/wp-json\/wp\/v2\/pages\/8334\/revisions\/9079"}],"wp:attachment":[{"href":"https:\/\/www.gsdassociation.org.mz\/sitebackup24082021\/wp-json\/wp\/v2\/media?parent=8334"}],"curies":[{"name":"wp","href":"https:\/\/api.w.org\/{rel}","templated":true}]}}