{"id":7302,"date":"2020-12-09T07:45:55","date_gmt":"2020-12-09T07:45:55","guid":{"rendered":"http:\/\/localhost\/gsda\/?page_id=7302"},"modified":"2020-12-16T15:25:48","modified_gmt":"2020-12-16T15:25:48","slug":"relatorios-anuais","status":"publish","type":"page","link":"https:\/\/www.gsdassociation.org.mz\/sitebackup24082021\/relatorios-anuais\/","title":{"rendered":"Relat\u00f3rios anuais"},"content":{"rendered":"\t\t<div data-elementor-type=\"wp-page\" data-elementor-id=\"7302\" class=\"elementor elementor-7302\" data-elementor-settings=\"[]\">\n\t\t\t\t\t\t<div class=\"elementor-inner\">\n\t\t\t\t\t\t\t<div class=\"elementor-section-wrap\">\n\t\t\t\t\t\t\t<section class=\"elementor-section elementor-top-section elementor-element elementor-element-34b1f64c elementor-section-boxed elementor-section-height-default elementor-section-height-default\" data-id=\"34b1f64c\" data-element_type=\"section\">\n\t\t\t\t\t\t<div class=\"elementor-container elementor-column-gap-default\">\n\t\t\t\t\t\t\t<div class=\"elementor-row\">\n\t\t\t\t\t<div class=\"elementor-column elementor-col-100 elementor-top-column elementor-element elementor-element-44ad3553\" data-id=\"44ad3553\" data-element_type=\"column\">\n\t\t\t<div class=\"elementor-column-wrap elementor-element-populated\">\n\t\t\t\t\t\t\t<div class=\"elementor-widget-wrap\">\n\t\t\t\t\t\t<div class=\"elementor-element elementor-element-395f01a7 elementor-widget elementor-widget-heading\" data-id=\"395f01a7\" data-element_type=\"widget\" data-widget_type=\"heading.default\">\n\t\t\t\t<div class=\"elementor-widget-container\">\n\t\t\t<h2 class=\"elementor-heading-title elementor-size-default\">Relat\u00f3rios Anuais<\/h2>\t\t<\/div>\n\t\t\t\t<\/div>\n\t\t\t\t<section class=\"elementor-section elementor-inner-section elementor-element elementor-element-4676da04 elementor-section-boxed elementor-section-height-default elementor-section-height-default\" data-id=\"4676da04\" data-element_type=\"section\">\n\t\t\t\t\t\t<div class=\"elementor-container elementor-column-gap-default\">\n\t\t\t\t\t\t\t<div class=\"elementor-row\">\n\t\t\t\t\t<div class=\"elementor-column elementor-col-50 elementor-inner-column elementor-element elementor-element-5a3ed7bf\" data-id=\"5a3ed7bf\" data-element_type=\"column\">\n\t\t\t<div class=\"elementor-column-wrap elementor-element-populated\">\n\t\t\t\t\t\t\t<div class=\"elementor-widget-wrap\">\n\t\t\t\t\t\t<div class=\"elementor-element elementor-element-7e153175 elementor-widget elementor-widget-text-editor\" data-id=\"7e153175\" data-element_type=\"widget\" data-widget_type=\"text-editor.default\">\n\t\t\t\t<div class=\"elementor-widget-container\">\n\t\t\t\t\t\t\t\t<div class=\"elementor-text-editor elementor-clearfix\">\n\t\t\t\t<p>Em baixo voc\u00ea encontrara os nossos relat\u00f3rios que apresentam as actividades realizadas bem como os resultado alcan\u00e7ados pela GSDAssociation e seus parceiros.<\/p>\n\t\t\t\t\t<\/div>\n\t\t\t\t\t\t<\/div>\n\t\t\t\t<\/div>\n\t\t\t\t<div class=\"elementor-element elementor-element-7ec7a532 elementor-widget elementor-widget-stm_spacing\" data-id=\"7ec7a532\" data-element_type=\"widget\" data-widget_type=\"stm_spacing.default\">\n\t\t\t\t<div class=\"elementor-widget-container\">\n\t\t\t<div class=\"stm-spacing\" id=\"stm-spacing-69e16e2c59d82\"><\/div>\n<script>\n    (function($){\n        \"use strict\";\n        var spacingID = 'stm-spacing-69e16e2c59d82',\n            lgSpacing = '',\n            mdSpacing = '',\n            smSpacing = '',\n            xsSpacing = '30px';\n\n        function stmSpacing() {\n            if ( window.matchMedia(\"(min-width: 1200px)\").matches && lgSpacing ) {\n                $( '#' + spacingID ).css ( \"height\", lgSpacing );\n            } else if ( window.matchMedia(\"(max-width: 1199px) and (min-width: 992px )\").matches && mdSpacing ) {\n                $( '#' + spacingID ).css ( \"height\", mdSpacing );\n            } else if ( window.matchMedia(\"(max-width: 991px) and (min-width: 768px )\").matches && smSpacing ) {\n                $( '#' + spacingID ).css ( \"height\", smSpacing );\n            } else if ( window.matchMedia(\"(max-width: 767px)\").matches && xsSpacing ) {\n                $( '#' + spacingID ).css ( \"height\", xsSpacing );\n            } else {\n                $( '#' + spacingID ).css ( \"height\", \"\" );\n            }\n        }\n\n        $(document).ready(function() {\n            stmSpacing();\n        });\n\n        $(window).resize(function() {\n            stmSpacing();\n        });\n\n    })(jQuery);\n<\/script>\t\t<\/div>\n\t\t\t\t<\/div>\n\t\t\t\t<div class=\"elementor-element elementor-element-5efddb7b elementor-widget elementor-widget-text-editor\" data-id=\"5efddb7b\" data-element_type=\"widget\" data-widget_type=\"text-editor.default\">\n\t\t\t\t<div class=\"elementor-widget-container\">\n\t\t\t\t\t\t\t\t<div class=\"elementor-text-editor elementor-clearfix\">\n\t\t\t\t<ul>\n<li><strong>Alice Banze<\/strong>;<\/li>\n<li><strong>Marta Cumbi<\/strong>;<\/li>\n<li><strong>Cesar Neves<\/strong>;<\/li>\n<li><strong>Raul Manhisse<\/strong>;<\/li>\n<li><strong>Catarina Madade<\/strong>;<\/li>\n<li><strong>Issumalgy Assane<\/strong>;<\/li>\n<li><strong>Joaquim Chambule<\/strong>.<\/li>\n<\/ul>\n\t\t\t\t\t<\/div>\n\t\t\t\t\t\t<\/div>\n\t\t\t\t<\/div>\n\t\t\t\t\t\t<\/div>\n\t\t\t\t\t<\/div>\n\t\t<\/div>\n\t\t\t\t<div class=\"elementor-column elementor-col-50 elementor-inner-column elementor-element elementor-element-7ab8031d\" data-id=\"7ab8031d\" data-element_type=\"column\">\n\t\t\t<div class=\"elementor-column-wrap elementor-element-populated\">\n\t\t\t\t\t\t\t<div class=\"elementor-widget-wrap\">\n\t\t\t\t\t\t<div class=\"elementor-element elementor-element-f2a84ee elementor-widget elementor-widget-stm_charts\" data-id=\"f2a84ee\" data-element_type=\"widget\" data-widget_type=\"stm_charts.default\">\n\t\t\t\t<div class=\"elementor-widget-container\">\n\t\t\t    <div class=\"stm_chart stm_charts legend_position_bottom\">\n        <canvas id=\"chart_69e16e2c5cf5b\"\n                width=\"540\"\n                height=\"440\"><\/canvas>\n        <script type=\"text\/javascript\">\n\n            jQuery(window).on('load', function ($) {\n                var showLegend = false;\n                                showLegend = true;\n                                var ChartData_chart_69e16e2c5cf5b = {\"datasets\":[{\"label\":\"One\",\"fillColor\":\"rgba(254, 108, 97, 0.8)\",\"strokeColor\":\"rgba(254, 108, 97, 0)\",\"backgroundColor\":\"rgba(254, 108, 97, 1)\",\"highlightStroke\":\"rgba(254, 108, 97, 1)\",\"pointColor\":\"#fe6c61\",\"data\":[\"10\",\" 15\",\" 20\",\" 25\",\" 27\",\" 25\",\" 23\",\" 25\"]},{\"label\":\"Two\",\"fillColor\":\"rgba(84, 114, 210, 0.8)\",\"strokeColor\":\"rgba(84, 114, 210, 0)\",\"backgroundColor\":\"rgba(84, 114, 210, 1)\",\"highlightStroke\":\"rgba(84, 114, 210, 1)\",\"pointColor\":\"#5472d2\",\"data\":[\"25\",\" 18\",\" 16\",\" 17\",\" 20\",\" 25\",\" 30\",\" 35\"]}],\"labels\":[\"JAN\",\" FEV\",\" MAR\",\" ABR\",\" MAI\",\" JUN\",\" JUL\",\" AG\"]};\n                var chart_69e16e2c5cf5b = jQuery(\"#chart_69e16e2c5cf5b\").get(0).getContext(\"2d\");\n                chart_69e16e2c5cf5b.\n                canvas.width = 540;\n                chart_69e16e2c5cf5b.\n                canvas.height = 440;\n\n                var stackedLine = new Chart(chart_69e16e2c5cf5b, {\n                    type: 'bar',\n                    data: ChartData_chart_69e16e2c5cf5b,\n                    options: {\n                        'legend': {\n                            'position': 'bottom',\n                            'display': showLegend\n                        },\n                        'responsive': true,\n                        maintainAspectRatio: false\n                    }\n                });\n            });\n\n\n        <\/script>\n    <\/div>\n\t\t<\/div>\n\t\t\t\t<\/div>\n\t\t\t\t\t\t<\/div>\n\t\t\t\t\t<\/div>\n\t\t<\/div>\n\t\t\t\t\t\t\t\t<\/div>\n\t\t\t\t\t<\/div>\n\t\t<\/section>\n\t\t\t\t\t\t<\/div>\n\t\t\t\t\t<\/div>\n\t\t<\/div>\n\t\t\t\t\t\t\t\t<\/div>\n\t\t\t\t\t<\/div>\n\t\t<\/section>\n\t\t\t\t\t\t<\/div>\n\t\t\t\t\t\t<\/div>\n\t\t\t\t\t<\/div>\n\t\t","protected":false},"excerpt":{"rendered":"<p>Relat\u00f3rios Anuais Em baixo voc\u00ea encontrara os nossos relat\u00f3rios que apresentam as actividades realizadas bem como os resultado alcan\u00e7ados pela GSDAssociation e seus parceiros. Alice Banze; Marta Cumbi; Cesar Neves; Raul Manhisse; Catarina Madade; Issumalgy Assane; Joaquim Chambule.<\/p>\n","protected":false},"author":1,"featured_media":0,"parent":0,"menu_order":0,"comment_status":"closed","ping_status":"closed","template":"","meta":[],"_links":{"self":[{"href":"https:\/\/www.gsdassociation.org.mz\/sitebackup24082021\/wp-json\/wp\/v2\/pages\/7302"}],"collection":[{"href":"https:\/\/www.gsdassociation.org.mz\/sitebackup24082021\/wp-json\/wp\/v2\/pages"}],"about":[{"href":"https:\/\/www.gsdassociation.org.mz\/sitebackup24082021\/wp-json\/wp\/v2\/types\/page"}],"author":[{"embeddable":true,"href":"https:\/\/www.gsdassociation.org.mz\/sitebackup24082021\/wp-json\/wp\/v2\/users\/1"}],"replies":[{"embeddable":true,"href":"https:\/\/www.gsdassociation.org.mz\/sitebackup24082021\/wp-json\/wp\/v2\/comments?post=7302"}],"version-history":[{"count":13,"href":"https:\/\/www.gsdassociation.org.mz\/sitebackup24082021\/wp-json\/wp\/v2\/pages\/7302\/revisions"}],"predecessor-version":[{"id":8093,"href":"https:\/\/www.gsdassociation.org.mz\/sitebackup24082021\/wp-json\/wp\/v2\/pages\/7302\/revisions\/8093"}],"wp:attachment":[{"href":"https:\/\/www.gsdassociation.org.mz\/sitebackup24082021\/wp-json\/wp\/v2\/media?parent=7302"}],"curies":[{"name":"wp","href":"https:\/\/api.w.org\/{rel}","templated":true}]}}