{"id":6297,"date":"2019-11-27T12:49:48","date_gmt":"2019-11-27T12:49:48","guid":{"rendered":"http:\/\/consulting.stylemixthemes.com\/demo\/?page_id=6297"},"modified":"2020-12-15T13:37:00","modified_gmt":"2020-12-15T13:37:00","slug":"grade-de-noticias","status":"publish","type":"page","link":"https:\/\/www.gsdassociation.org.mz\/sitebackup24082021\/grade-de-noticias\/","title":{"rendered":"Grade de not\u00edcias"},"content":{"rendered":"\t\t<div data-elementor-type=\"wp-page\" data-elementor-id=\"6297\" class=\"elementor elementor-6297\" data-elementor-settings=\"[]\">\n\t\t\t\t\t\t<div class=\"elementor-inner\">\n\t\t\t\t\t\t\t<div class=\"elementor-section-wrap\">\n\t\t\t\t\t\t\t<section class=\"elementor-section elementor-top-section elementor-element elementor-element-372634b elementor-section-boxed elementor-section-height-default elementor-section-height-default\" data-id=\"372634b\" data-element_type=\"section\">\n\t\t\t\t\t\t<div class=\"elementor-container elementor-column-gap-default\">\n\t\t\t\t\t\t\t<div class=\"elementor-row\">\n\t\t\t\t\t<div class=\"elementor-column elementor-col-100 elementor-top-column elementor-element elementor-element-372682d\" data-id=\"372682d\" data-element_type=\"column\">\n\t\t\t<div class=\"elementor-column-wrap elementor-element-populated\">\n\t\t\t\t\t\t\t<div class=\"elementor-widget-wrap\">\n\t\t\t\t\t\t<div class=\"elementor-element elementor-element-3726cb8 elementor-widget elementor-widget-stm_news\" data-id=\"3726cb8\" data-element_type=\"widget\" data-widget_type=\"stm_news.default\">\n\t\t\t\t<div class=\"elementor-widget-container\">\n\t\t\t\n\n    <div class=\"stm_news  consulting_elementor_posts\">\n        <ul class=\"news_list posts_per_row_ news-masonry\">\n\n                                                    <li class=\"view_style_4 news_item\">\n        <div class=\"post_item\">\n            <a href=\"https:\/\/www.gsdassociation.org.mz\/sitebackup24082021\/gsdassociation-genero-e-desenvolvimento\/\" class=\"image\">\n                <div class=\"post_date third_bg_color base_font_color\">\n                    15 de Dezembro, 2020                <\/div>\n                <img loading=\"lazy\" class=\"\" src=\"https:\/\/www.gsdassociation.org.mz\/sitebackup24082021\/wp-content\/uploads\/2020\/12\/IMG_2647-scaled-360x250.jpg\" width=\"360\" height=\"250\" alt=\"IMG_2647\" title=\"IMG_2647\" \/>                <h5>GSDAssociation G\u00e9nero e  Desenvolvimento<\/h5>\n            <\/a>\n        <\/div>\n    <\/li>\n                                                        <li class=\"view_style_4 news_item\">\n        <div class=\"post_item\">\n            <a href=\"https:\/\/www.gsdassociation.org.mz\/sitebackup24082021\/gsdassociation-genero-e-justica\/\" class=\"image\">\n                <div class=\"post_date third_bg_color base_font_color\">\n                    15 de Dezembro, 2020                <\/div>\n                <img loading=\"lazy\" class=\"\" src=\"https:\/\/www.gsdassociation.org.mz\/sitebackup24082021\/wp-content\/uploads\/2019\/09\/IMG_2518-scaled-360x403.jpg\" width=\"360\" height=\"403\" alt=\"IMG_2518\" title=\"IMG_2518\" \/>                <h5>GSDAssociation G\u00e9nero e Justi\u00e7a<\/h5>\n            <\/a>\n        <\/div>\n    <\/li>\n                                                        <li class=\"view_style_4 news_item\">\n        <div class=\"post_item\">\n            <a href=\"https:\/\/www.gsdassociation.org.mz\/sitebackup24082021\/gsdassociation-genero-e-comunicacao-social\/\" class=\"image\">\n                <div class=\"post_date third_bg_color base_font_color\">\n                    15 de Dezembro, 2020                <\/div>\n                <img loading=\"lazy\" class=\"\" src=\"https:\/\/www.gsdassociation.org.mz\/sitebackup24082021\/wp-content\/uploads\/2019\/09\/IMG_2483-scaled-360x283.jpg\" width=\"360\" height=\"283\" alt=\"IMG_2483\" title=\"IMG_2483\" \/>                <h5>GSDAssociation G\u00e9nero e  Comunica\u00e7\u00e3o Social<\/h5>\n            <\/a>\n        <\/div>\n    <\/li>\n                                                        <li class=\"view_style_4 news_item\">\n        <div class=\"post_item\">\n            <a href=\"https:\/\/www.gsdassociation.org.mz\/sitebackup24082021\/gsdassociation-genero-e-governacao\/\" class=\"image\">\n                <div class=\"post_date third_bg_color base_font_color\">\n                    15 de Dezembro, 2020                <\/div>\n                <img loading=\"lazy\" class=\"\" src=\"https:\/\/www.gsdassociation.org.mz\/sitebackup24082021\/wp-content\/uploads\/2019\/09\/IMG_2480-scaled-360x250.jpg\" width=\"360\" height=\"250\" alt=\"IMG_2480\" title=\"IMG_2480\" \/>                <h5>GSDAssociation G\u00e9nero e  Governa\u00e7\u00e3o<\/h5>\n            <\/a>\n        <\/div>\n    <\/li>\n                        <\/ul>\n    <\/div>\n\n    <script type=\"text\/javascript\">\n        jQuery(document).ready(function ($) {\n            var $container = $(\".stm_news .news_list.news-masonry\");\n            var originLeft = true;\n            if ($(\"body\").hasClass(\"rtl\")) {\n                originLeft = false;\n            }\n            $container.isotope({\n                layoutMode: \"packery\",\n                itemSelector: \".news_item.view_style_4\",\n                transitionDuration: \"0.7s\",\n                gutter: 10,\n                isOriginLeft: originLeft,\n            });\n            $container.imagesLoaded().progress(function () {\n                $container.isotope(\"layout\");\n            });\n            $container.isotope(\"layout\");\n\n        });\n    <\/script>\n\t\t<\/div>\n\t\t\t\t<\/div>\n\t\t\t\t\t\t<\/div>\n\t\t\t\t\t<\/div>\n\t\t<\/div>\n\t\t\t\t\t\t\t\t<\/div>\n\t\t\t\t\t<\/div>\n\t\t<\/section>\n\t\t\t\t\t\t<\/div>\n\t\t\t\t\t\t<\/div>\n\t\t\t\t\t<\/div>\n\t\t","protected":false},"excerpt":{"rendered":"<p>15 de Dezembro, 2020 GSDAssociation G\u00e9nero e Desenvolvimento 15 de Dezembro, 2020 GSDAssociation G\u00e9nero e Justi\u00e7a 15 de Dezembro, 2020 GSDAssociation G\u00e9nero e Comunica\u00e7\u00e3o Social 15 de Dezembro, 2020 GSDAssociation G\u00e9nero e Governa\u00e7\u00e3o<\/p>\n","protected":false},"author":1,"featured_media":0,"parent":0,"menu_order":0,"comment_status":"closed","ping_status":"closed","template":"","meta":[],"_links":{"self":[{"href":"https:\/\/www.gsdassociation.org.mz\/sitebackup24082021\/wp-json\/wp\/v2\/pages\/6297"}],"collection":[{"href":"https:\/\/www.gsdassociation.org.mz\/sitebackup24082021\/wp-json\/wp\/v2\/pages"}],"about":[{"href":"https:\/\/www.gsdassociation.org.mz\/sitebackup24082021\/wp-json\/wp\/v2\/types\/page"}],"author":[{"embeddable":true,"href":"https:\/\/www.gsdassociation.org.mz\/sitebackup24082021\/wp-json\/wp\/v2\/users\/1"}],"replies":[{"embeddable":true,"href":"https:\/\/www.gsdassociation.org.mz\/sitebackup24082021\/wp-json\/wp\/v2\/comments?post=6297"}],"version-history":[{"count":4,"href":"https:\/\/www.gsdassociation.org.mz\/sitebackup24082021\/wp-json\/wp\/v2\/pages\/6297\/revisions"}],"predecessor-version":[{"id":7822,"href":"https:\/\/www.gsdassociation.org.mz\/sitebackup24082021\/wp-json\/wp\/v2\/pages\/6297\/revisions\/7822"}],"wp:attachment":[{"href":"https:\/\/www.gsdassociation.org.mz\/sitebackup24082021\/wp-json\/wp\/v2\/media?parent=6297"}],"curies":[{"name":"wp","href":"https:\/\/api.w.org\/{rel}","templated":true}]}}