{"id":1467,"date":"2017-02-10T13:54:31","date_gmt":"2017-02-10T13:54:31","guid":{"rendered":"http:\/\/consulting.stylemixthemes.com\/demo\/?page_id=1467"},"modified":"2020-12-18T11:35:45","modified_gmt":"2020-12-18T11:35:45","slug":"portfolio-grid","status":"publish","type":"page","link":"https:\/\/www.gsdassociation.org.mz\/sitebackup24082021\/portfolio-grid\/","title":{"rendered":"Portfolio"},"content":{"rendered":"\t\t<div data-elementor-type=\"wp-page\" data-elementor-id=\"1467\" class=\"elementor elementor-1467\" data-elementor-settings=\"[]\">\n\t\t\t\t\t\t<div class=\"elementor-inner\">\n\t\t\t\t\t\t\t<div class=\"elementor-section-wrap\">\n\t\t\t\t\t\t\t<section class=\"elementor-section elementor-top-section elementor-element elementor-element-6960b16 elementor-section-boxed elementor-section-height-default elementor-section-height-default\" data-id=\"6960b16\" data-element_type=\"section\" data-settings=\"{&quot;background_background&quot;:&quot;classic&quot;}\">\n\t\t\t\t\t\t<div class=\"elementor-container elementor-column-gap-default\">\n\t\t\t\t\t\t\t<div class=\"elementor-row\">\n\t\t\t\t\t<div class=\"elementor-column elementor-col-100 elementor-top-column elementor-element elementor-element-6961132\" data-id=\"6961132\" data-element_type=\"column\">\n\t\t\t<div class=\"elementor-column-wrap elementor-element-populated\">\n\t\t\t\t\t\t\t<div class=\"elementor-widget-wrap\">\n\t\t\t\t\t\t<div class=\"elementor-element elementor-element-696162a elementor-widget elementor-widget-stm_portfolio\" data-id=\"696162a\" data-element_type=\"widget\" data-widget_type=\"stm_portfolio.default\">\n\t\t\t\t<div class=\"elementor-widget-container\">\n\t\t\t\n<div class=\"portfolio_box consulting_elementor_portfolio style_1\">\n        <div class=\"stm_portfolio_grid consulting_elementor_portfolio style_1\">\n                    <div class=\"item all default\">\n                                                <div class=\"item_thumbnail has-thumbnail\">\n            <img loading=\"lazy\" class=\"\" src=\"https:\/\/www.gsdassociation.org.mz\/sitebackup24082021\/wp-content\/uploads\/2019\/09\/IMG_6741-scaled-700x500.jpg\" width=\"700\" height=\"500\" alt=\"IMG_6741\" title=\"IMG_6741\" \/>            <a href=\"https:\/\/www.gsdassociation.org.mz\/sitebackup24082021\/portfolio\/workshop-sobre-a-participacao-de-jovens-no-processo-de-desenvolvimento-local-chimoio\/\">\n                <span class=\"portfolio-title\">\n                    Workshop sobre a Participa\u00e7\u00e3o de Jovens no processo de Desenvolvimento Local, Chimoio, Manica                                    <\/span>\n            <\/a>\n        <\/div>\n        <\/div>                    <div class=\"item all default\">\n                                                <div class=\"item_thumbnail has-thumbnail\">\n            <img loading=\"lazy\" class=\"\" src=\"https:\/\/www.gsdassociation.org.mz\/sitebackup24082021\/wp-content\/uploads\/2019\/09\/IMG_6847-scaled-700x500.jpg\" width=\"700\" height=\"500\" alt=\"IMG_6847\" title=\"IMG_6847\" \/>            <a href=\"https:\/\/www.gsdassociation.org.mz\/sitebackup24082021\/portfolio\/workshop-sobre-a-participacao-de-jovens-no-processo-de-desenvolvimento-local-beira-sofala\/\">\n                <span class=\"portfolio-title\">\n                    Workshop sobre a participa\u00e7\u00e3o de jovens no processo de desenvolvimento local, Beira, Sofala                                    <\/span>\n            <\/a>\n        <\/div>\n        <\/div>                    <div class=\"item all default\">\n                                                <div class=\"item_thumbnail has-thumbnail\">\n            <img loading=\"lazy\" class=\"\" src=\"https:\/\/www.gsdassociation.org.mz\/sitebackup24082021\/wp-content\/uploads\/2019\/09\/IMG_4658-scaled-700x500.jpg\" width=\"700\" height=\"500\" alt=\"IMG_4658\" title=\"IMG_4658\" \/>            <a href=\"https:\/\/www.gsdassociation.org.mz\/sitebackup24082021\/portfolio\/workshop-sobre-a-participacao-de-jovens-no-processo-de-desenvolvimento-local-manjacaze-gaza\/\">\n                <span class=\"portfolio-title\">\n                    Workshop sobre a participa\u00e7\u00e3o de jovens no processo de desenvolvimento local, Manjacaze, Gaza.                                    <\/span>\n            <\/a>\n        <\/div>\n        <\/div>                    <div class=\"item all default\">\n                                                <div class=\"item_thumbnail has-thumbnail\">\n            <img loading=\"lazy\" class=\"\" src=\"https:\/\/www.gsdassociation.org.mz\/sitebackup24082021\/wp-content\/uploads\/2019\/09\/IMG_4807-scaled-700x500.jpg\" width=\"700\" height=\"500\" alt=\"IMG_4807\" title=\"IMG_4807\" \/>            <a href=\"https:\/\/www.gsdassociation.org.mz\/sitebackup24082021\/portfolio\/workshop-sobre-a-participacao-de-jovens-em-processo-de-desenvolvimento-local-massinga-inhambane\/\">\n                <span class=\"portfolio-title\">\n                    Workshop sobre a Participa\u00e7\u00e3o de Jovens no processo de Desenvolvimento Local Massinga, Inhambane                                    <\/span>\n            <\/a>\n        <\/div>\n        <\/div>                    <div class=\"item all default workshop\">\n                                                <div class=\"item_thumbnail has-thumbnail\">\n            <img loading=\"lazy\" class=\"\" src=\"https:\/\/www.gsdassociation.org.mz\/sitebackup24082021\/wp-content\/uploads\/2021\/12\/IMG_4241-scaled-700x500.jpg\" width=\"700\" height=\"500\" alt=\"Presidente da Associa\u00e7\u00e3o Gender Links Mo\u00e7ambique - Alice Banze \nPresidente do Gabinete da Mulher Parlamentar- Maria Marta Mateus Fernando\" title=\"Workshop com parlamentares sobre a partilha de experi\u00eancia das leis 19\/2019, 22\/2019 e 23\/2019\" \/>            <a href=\"https:\/\/www.gsdassociation.org.mz\/sitebackup24082021\/portfolio\/workshop-com-parlamentares-sobre-a-partilha-de-experiencia-das-leis-19-2019-22-2019-e-23-2019\/\">\n                <span class=\"portfolio-title\">\n                    Workshop com Parlamentares e L\u00edderes Comunit\u00e1rios sobre a partilha de experi\u00eancia das leis 19\/2019, 22\/2019 e 23\/2019                                            <span class=\"portfolio-category\">workshop<\/span>\n                                    <\/span>\n            <\/a>\n        <\/div>\n        <\/div>                    <div class=\"item all default projecto-spot-light\">\n                                                <div class=\"item_thumbnail has-thumbnail\">\n            <img loading=\"lazy\" class=\"\" src=\"https:\/\/www.gsdassociation.org.mz\/sitebackup24082021\/wp-content\/uploads\/2019\/09\/video1-700x500.png\" width=\"700\" height=\"500\" alt=\"video1\" title=\"video1\" \/>            <a href=\"https:\/\/www.gsdassociation.org.mz\/sitebackup24082021\/portfolio\/video-projecto-spotlight-manica-gaza-e-nampula\/\">\n                <span class=\"portfolio-title\">\n                    Video Projecto Spotlight Manica, Gaza e Nampula                                            <span class=\"portfolio-category\">Projecto Spot light<\/span>\n                                    <\/span>\n            <\/a>\n        <\/div>\n        <\/div>                    <div class=\"item all default lideres-comunitarios\">\n                                                <div class=\"item_thumbnail has-thumbnail\">\n            <img loading=\"lazy\" class=\"\" src=\"https:\/\/www.gsdassociation.org.mz\/sitebackup24082021\/wp-content\/uploads\/2021\/05\/Autoridades-cominitarias20-scaled-700x500.jpg\" width=\"700\" height=\"500\" alt=\"Autoridades cominitarias20\" title=\"Autoridades cominitarias20\" \/>            <a href=\"https:\/\/www.gsdassociation.org.mz\/sitebackup24082021\/portfolio\/forum-nacional-de-lideres-comunitarios-das-provincias-de-gaza-manica-e-nampula\/\">\n                <span class=\"portfolio-title\">\n                    F\u00f3rum Nacional de L\u00edderes Comunit\u00e1rios das Prov\u00edncias de Gaza, Manica e Nampula                                            <span class=\"portfolio-category\">Lideres Comunit\u00e1rios<\/span>\n                                    <\/span>\n            <\/a>\n        <\/div>\n        <\/div>                    <\/div>\n                <\/div>\n<script type=\"text\/javascript\">\n    jQuery(document).ready(function ($) {\n        var $container = $(\".stm_portfolio_grid\");\n        var originLeft = true;\n        if ($(\"body\").hasClass(\"rtl\")) {\n            originLeft = false;\n        }\n        $container.isotope({\n            layoutMode: \"packery\",\n            itemSelector: \".item\",\n            transitionDuration: \"0.7s\",\n            gutter: 10,\n            isOriginLeft: originLeft,\n                    });\n        $container.imagesLoaded().progress(function () {\n            $container.isotope(\"layout\");\n        });\n        $container.isotope(\"layout\");\n\n        $(document).on(\"click\", \".portfolio_load_more_btn\", function (e) {\n            e.preventDefault();\n            var page = $(this).attr(\"data-page\");\n            var load_by = $(this).attr(\"data-load\");\n            var category = $(this).attr('data-category');\n            var style = $(this).attr('data-style');\n            $.ajax({\n                url: ajaxurl,\n                type: \"POST\",\n                dataType: \"json\",\n                data: \"&page=\" + page + \"&load_by=\" + load_by + \"&category=\" + category + \"&style=\" + style + \"&action=stm_ajax_load_portfolio&security=\" + stm_ajax_load_portfolio,\n                context: this,\n                beforeSend: function (data) {\n                    $(this).parent().addClass(\"portfolio_posts_loading\");\n                },\n                success: function (data) {\n                    $(this).parent().removeClass(\"portfolio_posts_loading\");\n                    if (data.html) {\n                        var $items = $(data.html);\n                        $(\".stm_portfolio_grid\").append($items).isotope(\"appended\", $items, false);\n                        stm_sort_portfolio();\n                    }\n                    $(this).attr(\"data-page\", data.new_page);\n                    if (!data.load_more) {\n                        $(this).remove();\n                        $(\".portfolio_btn_box\").remove();\n                    }\n                }\n            });\n        });\n\n        function stm_sort_portfolio() {\n            \/\/ Init Isotope\n            if ($(\".stm_portfolio\").length) {\n                $(\".stm_portfolio\").isotope({\n                    itemSelector: \".item\",\n                    layoutMode: \"packery\"\n                });\n            }\n        }\n        if($container.closest('.vc_tta').length > 0){\n            $('.vc_tta-tab > a').on('click', function () {\n                setTimeout(function () {\n                    $container.isotope(\"layout\");\n                    stm_sort_portfolio();\n                }, 300);\n            })\n        }\n\n        $('.portfolio_box .category_filter a').on('click', function () {\n            var i = 0;\n            $(this).closest('ul').find('li.active').removeClass('active');\n            $(this).parent().addClass('active');\n            var sort = $(this).attr('href');\n            sort = sort.substring(1);\n                        $container.isotope({\n                filter: '.' + sort\n            });\n                        return false;\n        });\n    });\n<\/script>\t\t<\/div>\n\t\t\t\t<\/div>\n\t\t\t\t\t\t<\/div>\n\t\t\t\t\t<\/div>\n\t\t<\/div>\n\t\t\t\t\t\t\t\t<\/div>\n\t\t\t\t\t<\/div>\n\t\t<\/section>\n\t\t\t\t\t\t<\/div>\n\t\t\t\t\t\t<\/div>\n\t\t\t\t\t<\/div>\n\t\t","protected":false},"excerpt":{"rendered":"<p>V\u00eddeos dos encontros com os Lideres Comunit\u00e1rios Lideres Comunit\u00e1rios Fotos Workshop Nampula Nampula Fotos Empreendedoras chimoio Chimoio Fotos Empreendedoras Mogovolas Mogovolas Fotos Empreendedoras Gondola Gondola Fotos dos Lideres Comunit\u00e1rios Lideres Comunit\u00e1rios Fotos da Cimeira de 2020 Cimeira 2020<\/p>\n","protected":false},"author":1,"featured_media":0,"parent":0,"menu_order":0,"comment_status":"closed","ping_status":"closed","template":"","meta":[],"_links":{"self":[{"href":"https:\/\/www.gsdassociation.org.mz\/sitebackup24082021\/wp-json\/wp\/v2\/pages\/1467"}],"collection":[{"href":"https:\/\/www.gsdassociation.org.mz\/sitebackup24082021\/wp-json\/wp\/v2\/pages"}],"about":[{"href":"https:\/\/www.gsdassociation.org.mz\/sitebackup24082021\/wp-json\/wp\/v2\/types\/page"}],"author":[{"embeddable":true,"href":"https:\/\/www.gsdassociation.org.mz\/sitebackup24082021\/wp-json\/wp\/v2\/users\/1"}],"replies":[{"embeddable":true,"href":"https:\/\/www.gsdassociation.org.mz\/sitebackup24082021\/wp-json\/wp\/v2\/comments?post=1467"}],"version-history":[{"count":5,"href":"https:\/\/www.gsdassociation.org.mz\/sitebackup24082021\/wp-json\/wp\/v2\/pages\/1467\/revisions"}],"predecessor-version":[{"id":8168,"href":"https:\/\/www.gsdassociation.org.mz\/sitebackup24082021\/wp-json\/wp\/v2\/pages\/1467\/revisions\/8168"}],"wp:attachment":[{"href":"https:\/\/www.gsdassociation.org.mz\/sitebackup24082021\/wp-json\/wp\/v2\/media?parent=1467"}],"curies":[{"name":"wp","href":"https:\/\/api.w.org\/{rel}","templated":true}]}}